{"id":184,"date":"2022-01-24T22:46:45","date_gmt":"2022-01-24T22:46:45","guid":{"rendered":"https:\/\/unitedlift.org\/politica-de-privacidad\/"},"modified":"2022-01-26T18:27:09","modified_gmt":"2022-01-26T18:27:09","slug":"politica-de-privacidad","status":"publish","type":"page","link":"https:\/\/unitedlift.org\/es\/politica-de-privacidad\/","title":{"rendered":"Pol\u00edtica de privacidad"},"content":{"rendered":"\n<h2 class=\"wp-block-heading\"><\/h2>\n\n<p>Esta Pol\u00edtica de privacidad describe Nuestras pol\u00edticas y procedimientos sobre la recopilaci\u00f3n, el uso y la divulgaci\u00f3n de Su informaci\u00f3n personal cuando Usted usa el Servicio y le informa sobre Sus derechos de privacidad y c\u00f3mo la ley lo protege. &#13;\n&#13;\nUtilizamos Sus datos personales para proporcionar y mejorar el Servicio. Al utilizar el Servicio, Usted acepta la recopilaci\u00f3n y el uso de la informaci\u00f3n de acuerdo con esta Pol\u00edtica de privacidad. Esta Pol\u00edtica de privacidad ha sido creada con la ayuda de la Plantilla de pol\u00edtica de privacidad <a href=\"https:\/\/www.termsfeed.com\/blog\/sample-privacy-policy-template\/\">Privacy Policy Template<\/a>.<\/p>\n\n<h2 class=\"wp-block-heading\">Interpretaci\u00f3n y definiciones<\/h2>\n\n<h3 class=\"wp-block-heading\">Interpretaci\u00f3n<\/h3>\n\n<p>Las palabras cuya letra inicial est\u00e1 en may\u00fasculas tienen significados definidos en las siguientes condiciones. Las siguientes definiciones tendr\u00e1n el mismo significado independientemente de si aparecen en singular o en plural.<\/p>\n\n<h3 class=\"wp-block-heading\">Definiciones<\/h3>\n\n<p>Para los fines de esta Pol\u00edtica de privacidad:<\/p>\n\n<p><strong>Cuenta<\/strong> significa una cuenta \u00fanica creada para que Usted acceda a nuestro Servicio o partes de nuestro Servicio.<\/p>\n\n<p><strong>Compa\u00f1\u00eda<\/strong> (denominada \u201cla Compa\u00f1\u00eda\u201d, \u201cNosotros\u201d, \u201cNos\u201d o \u201cNuestro\u201d en este Acuerdo) se refiere a United Lift, 73-710 Fred Waring Dr Suite 100, Palm Desert, California 92260.<\/p>\n\n<p><strong>Las Cookies<\/strong> son peque\u00f1os archivos que un sitio web coloca en Su computadora, dispositivo m\u00f3vil o cualquier otro dispositivo, que contienen los detalles de Su historial de navegaci\u00f3n en ese sitio web entre sus muchos usos.<\/p>\n\n<p><strong>Pa\u00eds<\/strong> se refiere a: California, Estados Unidos<\/p>\n\n<p><strong>Dispositivo<\/strong> se refiere a cualquier dispositivo que pueda acceder al Servicio, como una computadora, un tel\u00e9fono celular o una tableta digital.<\/p>\n\n<p><strong>Datos personales<\/strong> es cualquier informaci\u00f3n que se relaciona con una persona identificada o identificable.<\/p>\n\n<p><strong>Servicio<\/strong> se refiere al Sitio web.<\/p>\n\n<p><strong>Proveedor de servicio<\/strong> se refiere a cualquier persona f\u00edsica o jur\u00eddica que procesa los datos en nombre de la Compa\u00f1\u00eda. Hace referencia a compa\u00f1\u00edas o personas externas empleadas por la Compa\u00f1\u00eda para facilitar el Servicio, para prestar el Servicio en nombre de la Compa\u00f1\u00eda, para prestar servicios relacionados con el Servicio o para ayudar a la Compa\u00f1\u00eda a analizar c\u00f3mo se utiliza el Servicio.<\/p>\n\n<p><strong>Datos de uso<\/strong> se refiere a los datos recopilados autom\u00e1ticamente, ya sea generados por el uso del Servicio o de la infraestructura del Servicio en s\u00ed (por ejemplo, la duraci\u00f3n de una visita a la p\u00e1gina).<\/p>\n\n<p><strong>Sitio web<\/strong> se refiere a United Lift, accesible desde unitedlift.org.<\/p>\n\n<p><strong>Usted<\/strong> se refiere a la persona que accede o utiliza el Servicio, o la compa\u00f1\u00eda, u otra entidad legal en nombre de la cual dicha persona accede o utiliza el Servicio, seg\u00fan corresponda.<\/p>\n\n<h2 class=\"wp-block-heading\">Recopilaci\u00f3n y uso de Sus Datos personales<\/h2>\n\n<h3 class=\"wp-block-heading\">Tipos de datos recopilados<\/h3>\n\n<h3 class=\"wp-block-heading\">Datos personales<\/h3>\n\n<p>Mientras use Nuestro Servicio, podemos pedirle que Nos proporcione cierta informaci\u00f3n de identificaci\u00f3n personal que pueda usarse para contactarlo o identificarlo. La informaci\u00f3n de identificaci\u00f3n personal puede incluir, entre otros:<\/p>\n\n<ul class=\"wp-block-list\"><li>direcci\u00f3n de correo electr\u00f3nico;<\/li><li>nombre y apellido;<\/li><li>n\u00famero de tel\u00e9fono; <\/li><li>direcci\u00f3n, estado, provincia, c\u00f3digo postal, ciudad.<\/li><li>Datos de uso<\/li><\/ul>\n\n<h3 class=\"wp-block-heading\">Datos de uso<\/h3>\n\n<p>Los datos de uso se recopilan autom\u00e1ticamente cuando se utiliza el servicio.<\/p>\n\n<p>Los Datos de uso pueden incluir informaci\u00f3n como la direcci\u00f3n del Protocolo de Internet de Su Dispositivo (p.\u00a0ej., direcci\u00f3n IP), tipo de navegador, versi\u00f3n del navegador, las p\u00e1ginas de nuestro Servicio que Usted visita, la hora y fecha de Su visita, el tiempo dedicado a esas p\u00e1ginas, identificadores \u00fanicos del dispositivo y otros datos de diagn\u00f3stico.<\/p>\n\n<p>Cuando Usted accede al Servicio a trav\u00e9s de un dispositivo m\u00f3vil, podemos recopilar cierta informaci\u00f3n autom\u00e1ticamente, lo que incluye, entre otros, el tipo de dispositivo m\u00f3vil que usa, Su identificaci\u00f3n \u00fanica de dispositivo m\u00f3vil, la direcci\u00f3n IP de Su dispositivo m\u00f3vil, Su sistema operativo m\u00f3vil, el tipo de navegador de Internet m\u00f3vil que usa, identificadores de dispositivo \u00fanicos y otros datos de diagn\u00f3stico.<\/p>\n\n<p>Tambi\u00e9n podemos recopilar informaci\u00f3n que Su navegador env\u00eda cada vez que Usted visita nuestro Servicio o cuando Usted accede al Servicio por o a trav\u00e9s de un dispositivo m\u00f3vil.<\/p>\n\n<h3 class=\"wp-block-heading\">Tecnolog\u00edas de seguimiento y Cookies<\/h3>\n\n<p>Utilizamos Cookies y tecnolog\u00edas de seguimiento similares para rastrear la actividad en Nuestro Servicio y almacenar cierta informaci\u00f3n. Las tecnolog\u00edas de rastreo utilizadas son balizas, etiquetas y secuencias de comandos para recopilar y rastrear informaci\u00f3n y para mejorar y analizar Nuestro Servicio. Las tecnolog\u00edas que Utilizamos pueden ser las siguientes:<\/p>\n\n<ul class=\"wp-block-list\"><li><strong>Cookies o Cookies del navegador.<\/strong> Una Cookie es un archivo peque\u00f1o que se coloca en Su Dispositivo. Puede configurar Su navegador para que rechace todas las Cookies o para que indique cu\u00e1ndo se env\u00eda una Cookie. Sin embargo, si no acepta las Cookies, es posible que no pueda usar algunas partes de nuestro Servicio. A menos que haya modificado la configuraci\u00f3n de Su navegador para que rechace las Cookies, es posible que nuestro Servicio las utilice.<\/li><li><strong>Cookies de Flash.<\/strong> Ciertas caracter\u00edsticas de nuestro Servicio pueden utilizar objetos locales de almacenaje (o Cookies de Flash) para recopilar y almacenar informaci\u00f3n sobre Sus preferencias o Su actividad en nuestro Servicio. Las Cookies de Flash y las Cookies del navegador no se gestionan con la misma configuraci\u00f3n del navegador. Para obtener m\u00e1s informaci\u00f3n sobre c\u00f3mo eliminar las Cookies de Flash, lea \u201c\u00bfD\u00f3nde puedo cambiar la configuraci\u00f3n para deshabilitar o eliminar objetos locales compartidos?\u201d disponible en https:\/\/helpx.adobe.com\/flash-player\/kb\/disable-local-shared-objects-flash.html#main_Where_can_I_change_the_settings_for_disabling__or_deleting_local_shared_objects_.<\/li><li><strong>Balizas web.<\/strong> Ciertas secciones de nuestro Servicio y nuestros correos electr\u00f3nicos pueden contener peque\u00f1os archivos electr\u00f3nicos conocidos como balizas web (tambi\u00e9n denominados gifs transparentes, etiquetas de p\u00edxeles y gifs de un solo p\u00edxel) que permiten a la Compa\u00f1\u00eda, por ejemplo, contar a los usuarios que han visitado esas p\u00e1ginas o abierto un correo electr\u00f3nico y para otras estad\u00edsticas relacionadas con el sitio web (por ejemplo, registrar la popularidad de una determinada secci\u00f3n y verificar la integridad del sistema y del servidor).<\/li><\/ul>\n\n<p>Las Cookies pueden ser Cookies \u201cpersistentes\u201d o \u201cde sesi\u00f3n\u201d. Las Cookies persistentes permanecen en Su computadora personal o dispositivo m\u00f3vil cuando se desconecta, mientras que las Cookies de sesi\u00f3n se eliminan tan pronto como cierra Su navegador web. Puede obtener m\u00e1s informaci\u00f3n sobre las Cookies aqu\u00ed: <a href=\"https:\/\/www.termsfeed.com\/privacy-policy-generator\/#faq-8\">Cookies por generador de TermsFeed.<\/a>.<\/p>\n\n<p>Utilizamos tanto las Cookies de sesi\u00f3n como las Cookies persistentes para los fines establecidos a continuaci\u00f3n:<\/p>\n\n<p><strong>Cookies necesarias \/ esenciales<\/strong><\/p>\n\n<p>Tipo: Cookies de sesi\u00f3n<\/p>\n\n<p>Administrado por: Nosotros<\/p>\n\n<p>Prop\u00f3sito: estas Cookies son esenciales para proporcionarle los servicios disponibles a trav\u00e9s del Sitio web y para permitirle utilizar algunas de sus funciones. Ayudan a autenticar a los usuarios y a prevenir el uso fraudulento de las cuentas de usuario. Sin estas Cookies, no podemos proporcionarle los servicios que Usted ha solicitado y solo las utilizamos para dicho fin.<\/p>\n\n<p><strong>Cookies de pol\u00edticas \/ Cookies de aceptaci\u00f3n de avisos<\/strong><\/p>\n\n<p>Tipo: Cookies persistentes<\/p>\n\n<p>Administrado por: Nosotros<\/p>\n\n<p>Prop\u00f3sito: estas Cookies identifican si los usuarios han aceptado el uso de Cookies en el Sitio web.<\/p>\n\n<p><strong>Cookies de funcionalidad<\/strong><\/p>\n\n<p>Tipo: Cookies persistentes<\/p>\n\n<p>Administrado por: Nosotros<\/p>\n\n<p>Prop\u00f3sito: estas Cookies nos permiten recordar las elecciones que usted hace cuando usa el sitio web, como recordar Sus detalles de inicio de sesi\u00f3n o preferencia de idioma. El prop\u00f3sito de estas Cookies es proporcionarle una experiencia m\u00e1s personal y evitar que tenga que volver a ingresar Sus preferencias cada vez que use el Sitio web.<\/p>\n\n<p>Para obtener m\u00e1s informaci\u00f3n sobre las Cookies que utilizamos y Sus opciones con respecto a las Cookies, visite nuestra Pol\u00edtica de Cookies o la secci\u00f3n Cookies de nuestra Pol\u00edtica de privacidad.<\/p>\n\n<h3 class=\"wp-block-heading\">Uso de Sus Datos personales<\/h3>\n\n<p>La Compa\u00f1\u00eda puede usar los Datos personales para los siguientes fines:<\/p>\n\n<p><strong>proporcionar y mantener nuestro Servicio<\/strong>, incluido el monitoreo de su uso;<\/p>\n\n<p><strong>para administrar Su Cuenta:<\/strong> para administrar Su registro como usuario del Servicio. Los Datos Personales que Usted proporcione pueden darle acceso a diferentes funcionalidades del Servicio que est\u00e1n disponibles para Usted como usuario registrado;<\/p>\n\n<p><strong>para la ejecuci\u00f3n de un contrato:<\/strong> el desarrollo, cumplimiento y compromiso del contrato de compra para los productos, art\u00edculos o servicios que Usted ha adquirido o de cualquier otro contrato celebrado con Nosotros a trav\u00e9s del Servicio;<\/p>\n\n<p><strong>para comunicarse con usted:<\/strong> comunicarse con Usted por correo electr\u00f3nico, llamadas telef\u00f3nicas, SMS u otras formas equivalentes de comunicaci\u00f3n electr\u00f3nica, como notificaciones push de una aplicaci\u00f3n m\u00f3vil con respecto a actualizaciones o comunicaciones informativas relacionadas con las funcionalidades, productos o servicios contratados, incluidas las actualizaciones de seguridad, cuando sea necesario o razonable para su implementaci\u00f3n;<\/p>\n\n<p><strong>para proporcionarle<\/strong> noticias, ofertas especiales e informaci\u00f3n general sobre otros bienes, servicios y eventos que ofrecemos que son similares a los que usted ya ha comprado o consultado, a menos que Usted haya optado por no recibir dicha informaci\u00f3n;<\/p>\n\n<p><strong>para administrar Sus solicitudes:<\/strong> para que podamos brindarle asistencia y gestionar Sus solicitudes;<\/p>\n\n<p><strong>para transferencias comerciales:<\/strong> es posible que usemos Su informaci\u00f3n para evaluar o realizar una fusi\u00f3n, desinversi\u00f3n, reestructuraci\u00f3n, reorganizaci\u00f3n, disoluci\u00f3n u otra venta o transferencia de algunos o todos Nuestros activos, ya sea como empresa en marcha o como parte de una quiebra, liquidaci\u00f3n o procedimiento similar en el que los Datos personales que tenemos sobre los usuarios de nuestros Servicios se encuentren entre los activos transferidos; y<\/p>\n\n<p><strong>para otros fines:<\/strong> es posible que usemos Su informaci\u00f3n para otros fines, como el an\u00e1lisis de datos, la identificaci\u00f3n de tendencias de uso, la determinaci\u00f3n de la efectividad de nuestras campa\u00f1as promocionales y para evaluar y mejorar nuestro Servicio, productos, servicios, marketing y su experiencia.<\/p>\n\n<p>Es posible que compartamos Su informaci\u00f3n personal en las siguientes situaciones:<\/p>\n\n<p><strong>con proveedores de servicios:<\/strong> es posible que compartamos Su informaci\u00f3n personal con Proveedores de Servicios para monitorear y analizar el uso de nuestro Servicio, para comunicarnos con Usted;<\/p>\n\n<p><strong>para transferencias comerciales:<\/strong> es posible que compartamos o transfiramos Su informaci\u00f3n personal en relaci\u00f3n con, o durante las negociaciones de cualquier fusi\u00f3n, venta de activos de la Compa\u00f1\u00eda, financiamiento o adquisici\u00f3n de la totalidad o una parte de Nuestro negocio a otra compa\u00f1\u00eda;<\/p>\n\n<p><strong>con las Filiales:<\/strong> es posible que compartamos Su informaci\u00f3n con Nuestras Filiales, en cuyo caso les exigiremos que respeten esta Pol\u00edtica de privacidad. Las Filiales incluyen Nuestra compa\u00f1\u00eda matriz y cualquier otra subsidiaria, socio de empresa conjunta u otras compa\u00f1\u00edas que Nosotros controlamos o que est\u00e1n bajo nuestro control com\u00fan;<\/p>\n\n<p><strong>con socios comerciales:<\/strong> es posible que compartamos Su informaci\u00f3n con Nuestros socios comerciales para ofrecerle ciertos productos, servicios o promociones;<\/p>\n\n<p><strong>con otros usuarios<\/strong> cuando Usted comparte informaci\u00f3n personal o interact\u00faa de otro modo en las \u00e1reas p\u00fablicas con otros usuarios, dicha informaci\u00f3n puede ser vista por todos los usuarios y puede ser distribuida p\u00fablicamente fuera;<\/p>\n\n<p><strong>con Su consentimiento:<\/strong> es posible que divulguemos Su informaci\u00f3n personal para cualquier otro prop\u00f3sito con Su consentimiento.<\/p>\n\n<h3 class=\"wp-block-heading\">Conservaci\u00f3n de Sus Datos personales<\/h3>\n\n<p>La Compa\u00f1\u00eda conservar\u00e1 Sus Datos personales solo durante el tiempo que sea necesario para los fines establecidos en esta Pol\u00edtica de privacidad. Conservaremos y utilizaremos Sus Datos personales en la medida necesaria para cumplir con nuestras obligaciones legales (por ejemplo, si se nos exige conservar Sus datos para cumplir con las leyes aplicables), resolver disputas y hacer cumplir nuestros acuerdos y pol\u00edticas legales.<\/p>\n\n<p>La Compa\u00f1\u00eda tambi\u00e9n conservar\u00e1 los Datos de uso para fines de an\u00e1lisis interno. Los Datos de uso generalmente se conservan por un per\u00edodo m\u00e1s corto, excepto cuando estos datos se utilizan para incrementar la seguridad o mejorar la funcionalidad de Nuestro Servicio, o cuando estamos legalmente obligados a conservar estos datos por per\u00edodos m\u00e1s prolongados.<\/p>\n\n<h3 class=\"wp-block-heading\">Transferencia de Sus Datos personales<\/h3>\n\n<p>Su informaci\u00f3n, incluidos los Datos personales, se procesa en las oficinas operativas de la Compa\u00f1\u00eda y en cualquier otro lugar donde se encuentren las partes involucradas en el procesamiento. Significa que esta informaci\u00f3n puede transferirse a, y retenerse en, computadoras ubicadas fuera de Su estado, provincia, pa\u00eds u otra jurisdicci\u00f3n gubernamental donde las leyes de protecci\u00f3n de datos pueden diferir de las de Su jurisdicci\u00f3n.<\/p>\n\n<p>Su consentimiento a esta Pol\u00edtica de privacidad seguido de la presentaci\u00f3n de dicha informaci\u00f3n significa que Usted aprueba esa transferencia.<\/p>\n\n<p>La Compa\u00f1\u00eda tomar\u00e1 todas las medidas razonablemente necesarias para garantizar que Sus datos se traten de manera segura y de acuerdo con esta Pol\u00edtica de privacidad, y no se realizar\u00e1 la transferencia de ning\u00fan dato personal a organizaciones ni pa\u00edses, a menos que existan controles adecuados, incluido el de la seguridad de Sus datos y otra informaci\u00f3n personal.<\/p>\n\n<h2 class=\"wp-block-heading\">Divulgaci\u00f3n de Sus Datos personales<\/h2>\n\n<h3 class=\"wp-block-heading\">Transacciones comerciales<\/h3>\n\n<p>Si la Compa\u00f1\u00eda est\u00e1 involucrada en una fusi\u00f3n, adquisici\u00f3n o venta de activos, es posible que Sus Datos personales se transfieran. Proporcionaremos un aviso antes de que Sus Datos personales se transfieran y pasen a estar sujetos a una Pol\u00edtica de privacidad diferente.<\/p>\n\n<h3 class=\"wp-block-heading\">Aplicaci\u00f3n de la ley<\/h3>\n\n<p>En determinadas circunstancias, es posible que la Compa\u00f1\u00eda deba divulgar Sus Datos personales si as\u00ed lo exige la ley o en respuesta a solicitudes v\u00e1lidas de autoridades p\u00fablicas (p.\u00a0ej., un tribunal o una agencia del gobierno).<\/p>\n\n<h3 class=\"wp-block-heading\">Otros requisitos legales<\/h3>\n\n<p>Es posible que la Compa\u00f1\u00eda divulgue Sus Datos personales en la creencia de buena fe de que dicha acci\u00f3n es necesaria para los siguientes fines:<\/p>\n\n<ul class=\"wp-block-list\"><li>cumplir con una obligaci\u00f3n legal;<\/li><li>proteger y defender los derechos o la propiedad de la Compa\u00f1\u00eda;<\/li><li>prevenir o investigar posibles delitos en relaci\u00f3n con el Servicio;<\/li><li>proteger la seguridad personal de los Usuarios del Servicio o del p\u00fablico; y<\/li><li>protegerse contra responsabilidad legal.<\/li><\/ul>\n\n<h3 class=\"wp-block-heading\">Seguridad de Sus Datos personales<\/h3>\n\n<p>La seguridad de Sus Datos personales es importante para nosotros, pero recuerde que ning\u00fan m\u00e9todo de transmisi\u00f3n por Internet o m\u00e9todo de almacenamiento electr\u00f3nico es absolutamente seguro. Si bien nos esforzamos por utilizar medios comercialmente aceptables para proteger Sus Datos personales, no podemos garantizar su seguridad absoluta.<\/p>\n\n<h2 class=\"wp-block-heading\">Privacidad de los ni\u00f1os<\/h2>\n\n<p>Nuestro Servicio no se dirige a ninguna persona menor de 13 a\u00f1os. No recopilamos a sabiendas informaci\u00f3n de identificaci\u00f3n personal de ninguna persona menor de 13 a\u00f1os. Si usted es padre, madre o tutor y sabe que Su hijo nos ha proporcionado Datos personales, comun\u00edquese con nosotros. Si tomamos conocimiento de que hemos recopilado Datos personales de cualquier persona menor de 13 a\u00f1os sin verificaci\u00f3n del consentimiento de los padres, tomaremos medidas para eliminar esa informaci\u00f3n de Nuestros servidores.<\/p>\n\n<p>Si necesitamos confiar en el consentimiento como base legal para procesar Su informaci\u00f3n y Su pa\u00eds requiere el consentimiento de uno de los padres, podemos requerir el consentimiento de Sus padres antes de que recopilemos y usemos esa informaci\u00f3n.<\/p>\n\n<h2 class=\"wp-block-heading\">Enlaces a otros sitios web<\/h2>\n\n<p>Nuestro Servicio puede contener enlaces a otros sitios web que no son operados por Nosotros. Si hace clic en el enlace de un tercero, ser\u00e1 dirigido al sitio de ese tercero. Le recomendamos encarecidamente que revise la Pol\u00edtica de privacidad de cada sitio que visite.<\/p>\n\n<p>No tenemos control ni asumimos responsabilidad alguna por el contenido, las pol\u00edticas de privacidad o las pr\u00e1cticas de los sitios o servicios de terceros.<\/p>\n\n<h2 class=\"wp-block-heading\">Cambios a esta Pol\u00edtica de privacidad<\/h2>\n\n<p>Podemos actualizar nuestra Pol\u00edtica de privacidad de vez en cuando. Le notificaremos cualquier cambio publicando la nueva Pol\u00edtica de privacidad en esta p\u00e1gina.<\/p>\n\n<p>Le informaremos por correo electr\u00f3nico y\/o mediante un aviso destacado en Nuestro Servicio, antes de que el cambio entre en vigencia y actualizaremos la fecha de \u201c\u00daltima actualizaci\u00f3n\u201d en la parte superior de esta Pol\u00edtica de privacidad.<\/p>\n\n<p>Se le recomienda que la revise peri\u00f3dicamente para detectar cualquier cambio. Los cambios a esta Pol\u00edtica de privacidad entran en vigencia cuando se publican en esta p\u00e1gina.<\/p>\n\n<h2 class=\"wp-block-heading\">Cont\u00e1ctenos<\/h2>\n\n<p>Si tiene alguna pregunta sobre esta Pol\u00edtica de privacidad, puede comunicarse con nosotros:<\/p>\n\n<ul class=\"wp-block-list\"><li>Por correo electr\u00f3nico: team@unitedlift.org<\/li><\/ul>\n","protected":false},"excerpt":{"rendered":"<p>Esta Pol\u00edtica de privacidad describe Nuestras pol\u00edticas y procedimientos sobre la recopilaci\u00f3n, el uso y la divulgaci\u00f3n de Su informaci\u00f3n personal cuando Usted usa el Servicio y le informa sobre Sus derechos de privacidad y c\u00f3mo la ley lo protege. &#13; &#13; Utilizamos Sus datos personales para proporcionar y mejorar el Servicio. Al utilizar el &hellip; <a href=\"https:\/\/unitedlift.org\/es\/politica-de-privacidad\/\">Continued<\/a><\/p>\n","protected":false},"author":1,"featured_media":0,"parent":0,"menu_order":0,"comment_status":"closed","ping_status":"open","template":"","meta":{"_acf_changed":false,"footnotes":""},"class_list":["post-184","page","type-page","status-publish","hentry"],"acf":[],"_links":{"self":[{"href":"https:\/\/unitedlift.org\/es\/wp-json\/wp\/v2\/pages\/184","targetHints":{"allow":["GET"]}}],"collection":[{"href":"https:\/\/unitedlift.org\/es\/wp-json\/wp\/v2\/pages"}],"about":[{"href":"https:\/\/unitedlift.org\/es\/wp-json\/wp\/v2\/types\/page"}],"author":[{"embeddable":true,"href":"https:\/\/unitedlift.org\/es\/wp-json\/wp\/v2\/users\/1"}],"replies":[{"embeddable":true,"href":"https:\/\/unitedlift.org\/es\/wp-json\/wp\/v2\/comments?post=184"}],"version-history":[{"count":4,"href":"https:\/\/unitedlift.org\/es\/wp-json\/wp\/v2\/pages\/184\/revisions"}],"predecessor-version":[{"id":304,"href":"https:\/\/unitedlift.org\/es\/wp-json\/wp\/v2\/pages\/184\/revisions\/304"}],"wp:attachment":[{"href":"https:\/\/unitedlift.org\/es\/wp-json\/wp\/v2\/media?parent=184"}],"curies":[{"name":"wp","href":"https:\/\/api.w.org\/{rel}","templated":true}]}}