{"id":187,"date":"2022-01-24T23:01:21","date_gmt":"2022-01-24T23:01:21","guid":{"rendered":"https:\/\/unitedlift.org\/terminos-y-condiciones\/"},"modified":"2022-01-26T18:23:13","modified_gmt":"2022-01-26T18:23:13","slug":"terminos-y-condiciones","status":"publish","type":"page","link":"https:\/\/unitedlift.org\/es\/terminos-y-condiciones\/","title":{"rendered":"T\u00e9rminos y Condiciones"},"content":{"rendered":"\n<p>Lea atentamente estos t\u00e9rminos y condiciones antes de utilizar Nuestro Servicio.<\/p>\n\n<h2 class=\"wp-block-heading\">Interpretaci\u00f3n y definiciones<\/h2>\n\n<h3 class=\"wp-block-heading\">Interpretaci\u00f3n<\/h3>\n\n<p>Las palabras cuya letra inicial est\u00e1 en may\u00fasculas tienen significados definidos en las siguientes condiciones. Las siguientes definiciones tendr\u00e1n el mismo significado independientemente de si aparecen en singular o en plural.<\/p>\n\n<h3 class=\"wp-block-heading\">Definiciones<\/h3>\n\n<p>Para los fines de estos T\u00e9rminos y Condiciones:<\/p>\n\n<p><strong>Filial<\/strong> significa una entidad que controla, es controlada por o est\u00e1 bajo control com\u00fan con una parte, donde \u201ccontrol\u201d significa propiedad del 50\u00a0% o m\u00e1s de las acciones, participaci\u00f3n accionaria u otros valores con derecho a voto para la elecci\u00f3n de directores u otra autoridad de gesti\u00f3n.<\/p>\n\n<p><strong>Pa\u00eds<\/strong> se refiere a: California, Estados Unidos<\/p>\n\n<p><strong>Compa\u00f1\u00eda<\/strong> (denominada \u201cla Compa\u00f1\u00eda\u201d, \u201cNosotros\u201d, \u201cNos\u201d o \u201cNuestro\u201d en este Acuerdo) se refiere a United Lift, 73-710 Fred Waring Dr Suite 100, Palm Desert, California 92260.<\/p>\n\n<p><strong>Dispositivo<\/strong> se refiere a cualquier dispositivo que pueda acceder al Servicio, como una computadora, un tel\u00e9fono celular o una tableta digital.<\/p>\n\n<p><strong>Servicio<\/strong> se refiere al Sitio web.<\/p>\n\n<p><strong>T\u00e9rminos y Condiciones<\/strong> (tambi\u00e9n denominados \u201cT\u00e9rminos\u201d) se refiere a estos T\u00e9rminos y Condiciones que forman el acuerdo completo entre Usted y la Compa\u00f1\u00eda con respecto al uso del Servicio. Este acuerdo de T\u00e9rminos y Condiciones ha sido creado con la ayuda del <a href=\"https:\/\/www.termsfeed.com\/terms-conditions-generator\/\">Generador de T\u00e9rminos y Condiciones<\/a>.<\/p>\n\n<p><strong>Servicio de redes sociales de terceros<\/strong> significa cualquier servicio o contenido (incluidos datos, informaci\u00f3n, productos o servicios) proporcionado por un tercero que pueda ser mostrado, incluido o puesto a disposici\u00f3n por el Servicio.<\/p>\n\n<p><strong>Sitio web<\/strong> se refiere a United Lift , accesible desde <a href=\"about:blank\">www.unitedlift.org<\/a><\/p>\n\n<p><strong>Usted<\/strong> se refiere a la persona que accede o utiliza el Servicio, o la compa\u00f1\u00eda, u otra entidad legal en nombre de la cual dicha persona accede o utiliza el Servicio, seg\u00fan corresponda.<\/p>\n\n<h2 class=\"wp-block-heading\">Reconocimiento<\/h2>\n\n<p>Estos son los T\u00e9rminos y Condiciones que rigen el uso de este Servicio y el acuerdo que opera entre Usted y la Compa\u00f1\u00eda. Estos T\u00e9rminos y Condiciones establecen los derechos y obligaciones de todos los usuarios con respecto al uso del Servicio.<\/p>\n\n<p>Su acceso y uso del Servicio est\u00e1n condicionados a Su aceptaci\u00f3n y cumplimiento de estos T\u00e9rminos y Condiciones. Estos T\u00e9rminos y Condiciones se aplican a todos los visitantes, usuarios y otras personas que accedan o utilicen el Servicio.<\/p>\n\n<p>Al acceder o utilizar el Servicio, Usted acepta estar obligado por estos T\u00e9rminos y Condiciones. Si no est\u00e1 de acuerdo con alguna parte de estos T\u00e9rminos y Condiciones, no podr\u00e1 acceder al Servicio.<\/p>\n\n<p>Usted declara que es mayor de 18 a\u00f1os. La Compa\u00f1\u00eda no permite que las personas menores de 18 a\u00f1os utilicen el Servicio.<\/p>\n\n<p>Su acceso y uso del Servicio tambi\u00e9n est\u00e1n condicionados a Su aceptaci\u00f3n y cumplimiento de la Pol\u00edtica de privacidad de la Compa\u00f1\u00eda. Nuestra Pol\u00edtica de privacidad describe Nuestras pol\u00edticas y procedimientos sobre la recopilaci\u00f3n, el uso y la divulgaci\u00f3n de Su informaci\u00f3n personal cuando Usted usa la Aplicaci\u00f3n o el Sitio web y le informa sobre Sus derechos de privacidad y c\u00f3mo la ley lo protege. Lea nuestra Pol\u00edtica de privacidad detenidamente antes de utilizar nuestro Servicio.<\/p>\n\n<h2 class=\"wp-block-heading\">Enlaces a otros sitios web<\/h2>\n\n<p>Nuestro Servicio puede contener enlaces a sitios web o servicios de terceros que no son propiedad de la Compa\u00f1\u00eda ni est\u00e1n controlados por esta.<\/p>\n\n<p>La Compa\u00f1\u00eda no tiene control sobre el contenido, las pol\u00edticas de privacidad ni las pr\u00e1cticas de ning\u00fan sitio web o servicio de terceros, ni asume responsabilidad alguna por estos. Asimismo, Usted reconoce y acepta que la Compa\u00f1\u00eda no ser\u00e1 responsable, directa o indirectamente, por ning\u00fan da\u00f1o o p\u00e9rdida causado o presuntamente causado por o en relaci\u00f3n con el uso o la confianza en dicho contenido, bienes o servicios disponibles en o a trav\u00e9s de cualquiera de dichos sitios web o servicios.<\/p>\n\n<p>Le recomendamos encarecidamente que lea los t\u00e9rminos y condiciones, y las pol\u00edticas de privacidad de cualquier sitio web o servicio de terceros que Visite.<\/p>\n\n<h2 class=\"wp-block-heading\">Rescisi\u00f3n<\/h2>\n\n<p>Podemos rescindir o suspender Su acceso de inmediato, sin previo aviso ni responsabilidad, por cualquier motivo, lo que incluye, entre otros, el incumplimiento de estos T\u00e9rminos y Condiciones.<\/p>\n\n<p>Tras la rescisi\u00f3n, Su derecho a utilizar el Servicio cesar\u00e1 de inmediato.<\/p>\n\n<h2 class=\"wp-block-heading\">Limitaci\u00f3n de responsabilidad<\/h2>\n\n<p>Sin perjuicio de los da\u00f1os en los que Usted pueda incurrir, la responsabilidad total de la Compa\u00f1\u00eda y cualquiera de sus proveedores en virtud de cualquier disposici\u00f3n de estos T\u00e9rminos y Su recurso exclusivo para todo lo anterior se limitar\u00e1 al monto real que Usted ha pagado a trav\u00e9s del Servicio o 100\u00a0USD si Usted no ha comprado nada a trav\u00e9s del Servicio.<\/p>\n\n<p>En la medida m\u00e1xima permitida por la ley aplicable, en ning\u00fan caso la Compa\u00f1\u00eda o sus proveedores ser\u00e1n responsables de da\u00f1os especiales, fortuitos, indirectos o consecuentes de ning\u00fan tipo (incluidos, entre otros, da\u00f1os por p\u00e9rdida de ganancias, p\u00e9rdida de datos u otra informaci\u00f3n, para la interrupci\u00f3n del negocio, por lesiones personales, p\u00e9rdida de la privacidad que surja o se relacione de alguna manera con el uso o la incapacidad de usar el Servicio; software de terceros y\/o hardware de terceros utilizado con el Servicio, o de otro modo en relaci\u00f3n con cualquier disposici\u00f3n de estos T\u00e9rminos), incluso si se ha informado a la Compa\u00f1\u00eda o a cualquier proveedor sobre la posibilidad de tales da\u00f1os e incluso si el recurso no cumple con su prop\u00f3sito esencial.<\/p>\n\n<p>Algunos estados no permiten la exclusi\u00f3n de garant\u00edas impl\u00edcitas o la limitaci\u00f3n de responsabilidad por da\u00f1os fortuitos o consecuentes, lo que significa que no se apliquen algunas de las limitaciones anteriores. En estos estados, la responsabilidad de cada parte se limitar\u00e1 en la mayor medida permitida por la ley.<\/p>\n\n<h2 class=\"wp-block-heading\">Exenci\u00f3n de responsabilidad \u201cTAL COMO EST\u00c1\u201d y \u201cSEG\u00daN DISPONIBILIDAD\u201d<\/h2>\n\n<p>El Servicio se le proporciona \u201cTAL COMO EST\u00c1\u201d y \u201cSEG\u00daN DISPONIBILIDAD\u201d y con todas las fallas y los defectos sin garant\u00eda de ning\u00fan tipo. En la medida m\u00e1xima permitida por la ley aplicable, la Compa\u00f1\u00eda, en su propio nombre y en nombre de sus Filiales y sus respectivos licenciantes y proveedores de servicios, renuncia expresamente a todas las garant\u00edas, ya sea expresas, impl\u00edcitas, estatutarias o de otro tipo, con respecto al Servicio, incluidas todas las garant\u00edas impl\u00edcitas de comerciabilidad, de aptitud para un prop\u00f3sito en particular, de t\u00edtulo y de no violaci\u00f3n, y las garant\u00edas que puedan surgir del curso de la negociaci\u00f3n, de desempe\u00f1o, de uso o de pr\u00e1ctica comercial. Sin perjuicio de lo anterior, la Compa\u00f1\u00eda no proporciona ninguna garant\u00eda ni compromiso, y no hace ninguna declaraci\u00f3n de ning\u00fan tipo de que el Servicio cumplir\u00e1 con sus requisitos, lograr\u00e1 los resultados previstos, ser\u00e1 compatible o funcionar\u00e1 con cualquier otro software, aplicaci\u00f3n, sistema o servicio, operar\u00e1 sin interrupci\u00f3n, cumplir\u00e1 con los est\u00e1ndares de rendimiento o confiabilidad o estar\u00e1 libre de errores o que cualquier error o defecto puede o ser\u00e1 corregido.<\/p>\n\n<p>Sin limitar lo anterior, ni la Compa\u00f1\u00eda ni ninguno de los proveedores de la compa\u00f1\u00eda realiza ninguna declaraci\u00f3n o garant\u00eda de ning\u00fan tipo; expresa o impl\u00edcita: (i) en cuanto a la operaci\u00f3n o disponibilidad del Servicio, o la informaci\u00f3n, contenido y materiales o productos incluidos en ellos; (ii) que el Servicio no tendr\u00e1 interrupciones ni errores; (iii) en cuanto a la exactitud, confiabilidad, o moneda de cualquier informaci\u00f3n o contenido proporcionado a trav\u00e9s del Servicio; o (iv) que el Servicio, sus servidores, el contenido, o los correos electr\u00f3nicos enviados desde o en nombre de la Compa\u00f1\u00eda est\u00e1n libres de virus, secuencias de comandos, troyanos, gusanos, malware, bombas de tiempo u otros componentes da\u00f1inos.<\/p>\n\n<p>Algunas jurisdicciones no permiten la exclusi\u00f3n de ciertos tipos de garant\u00edas o limitaciones sobre los derechos legales aplicables de un consumidor, por lo que es posible que no se le apliquen algunas o ninguna de las exclusiones y limitaciones anteriores. Sin embargo, en tal caso, las exclusiones y limitaciones establecidas en esta secci\u00f3n se aplicar\u00e1n en la mayor medida posible en virtud de la ley aplicable.<\/p>\n\n<h2 class=\"wp-block-heading\">Ley aplicable<\/h2>\n\n<p>Las leyes del pa\u00eds, sin incluir sus normas sobre conflictos de leyes, regir\u00e1n estos T\u00e9rminos y el uso que Usted haga del Servicio. El uso que Usted haga de la Aplicaci\u00f3n tambi\u00e9n puede estar sujeto a otras leyes locales, estatales, nacionales o internacionales.<\/p>\n\n<h2 class=\"wp-block-heading\">Resoluci\u00f3n de disputas<\/h2>\n\n<p>Si Usted tiene alguna inquietud o disputa sobre el Servicio, Usted acepta primero intentar resolver la disputa informalmente comunic\u00e1ndose con la Compa\u00f1\u00eda.<\/p>\n\n<h2 class=\"wp-block-heading\">Para usuarios de la Uni\u00f3n Europea (UE)<\/h2>\n\n<p>Si Usted es un consumidor de la Uni\u00f3n Europea, se beneficiar\u00e1 de cualquier disposici\u00f3n obligatoria de la ley del pa\u00eds en el que reside.<\/p>\n\n<h2 class=\"wp-block-heading\">Cumplimiento legal de los Estados Unidos<\/h2>\n\n<p>Usted declara y garantiza que (i) Usted no est\u00e1 ubicado en un pa\u00eds que est\u00e1 sujeto al embargo del gobierno de los Estados Unidos, o que ha sido designado por el gobierno de los Estados Unidos como un pa\u00eds que \u201capoya al terrorismo\u201d, y (ii) Usted no figura en ninguna lista del gobierno de los Estados Unidos de partes prohibidas o restringidas.<\/p>\n\n<h2 class=\"wp-block-heading\">Divisibilidad y renuncia<\/h2>\n\n<h3 class=\"wp-block-heading\">Divisibilidad<\/h3>\n\n<p>Si alguna disposici\u00f3n de estos T\u00e9rminos se considera inexigible o inv\u00e1lida, dicha disposici\u00f3n se modificar\u00e1 e interpretar\u00e1 para lograr los objetivos de dicha disposici\u00f3n en la mayor medida posible en virtud de la ley aplicable y las disposiciones restantes continuar\u00e1n en pleno vigor y efecto.<\/p>\n\n<h3 class=\"wp-block-heading\">Renuncia<\/h3>\n\n<p>Salvo lo dispuesto en el presente, el hecho de no ejercer un derecho o exigir el cumplimiento de una obligaci\u00f3n en virtud de estos T\u00e9rminos no afectar\u00e1 la capacidad de una parte de ejercer dicho derecho o exigir dicho cumplimiento en cualquier momento posterior, ni la renuncia a un incumplimiento constituir\u00e1 una renuncia a cualquier incumplimiento posterior.<\/p>\n\n<h2 class=\"wp-block-heading\">Interpretaci\u00f3n de la traducci\u00f3n<\/h2>\n\n<p>Estos T\u00e9rminos y Condiciones pueden haber sido traducidos si los hemos puesto a Su disposici\u00f3n en nuestro Servicio. Usted acepta que el texto original en ingl\u00e9s prevalecer\u00e1 en caso de una disputa.<\/p>\n\n<h2 class=\"wp-block-heading\">Cambios a estos T\u00e9rminos y Condiciones<\/h2>\n\n<p>Nos reservamos el derecho, a Nuestra entera discreci\u00f3n, de modificar o reemplazar estos T\u00e9rminos en cualquier momento. Si una modificaci\u00f3n fuera importante, Nos comprometeremos a avisar con un m\u00ednimo de 30 d\u00edas de antelaci\u00f3n antes de que las nuevas condiciones entren en vigor. Lo que constituya un cambio importante se determinar\u00e1 a Nuestra entera discreci\u00f3n.<\/p>\n\n<p>Al continuar accediendo o utilizando Nuestro Servicio despu\u00e9s de que esas revisiones entren en vigencia, Usted acepta quedar vinculado por los t\u00e9rminos revisados. Si no acepta los nuevos t\u00e9rminos, en su totalidad o en parte, deje de usar el sitio web y el Servicio.<\/p>\n\n<h2 class=\"wp-block-heading\">Cont\u00e1ctenos<\/h2>\n\n<p>Si tiene alguna pregunta sobre estos T\u00e9rminos y Condiciones, puede comunicarse con nosotros:<\/p>\n\n<ul class=\"wp-block-list\"><li>Por correo electr\u00f3nico: team@unitedlift.org<\/li><\/ul>\n","protected":false},"excerpt":{"rendered":"<p>Lea atentamente estos t\u00e9rminos y condiciones antes de utilizar Nuestro Servicio. Interpretaci\u00f3n y definiciones Interpretaci\u00f3n Las palabras cuya letra inicial est\u00e1 en may\u00fasculas tienen significados definidos en las siguientes condiciones. Las siguientes definiciones tendr\u00e1n el mismo significado independientemente de si aparecen en singular o en plural. Definiciones Para los fines de estos T\u00e9rminos y Condiciones: &hellip; <a href=\"https:\/\/unitedlift.org\/es\/terminos-y-condiciones\/\">Continued<\/a><\/p>\n","protected":false},"author":1,"featured_media":0,"parent":0,"menu_order":0,"comment_status":"closed","ping_status":"closed","template":"","meta":{"_acf_changed":false,"footnotes":""},"class_list":["post-187","page","type-page","status-publish","hentry"],"acf":[],"_links":{"self":[{"href":"https:\/\/unitedlift.org\/es\/wp-json\/wp\/v2\/pages\/187","targetHints":{"allow":["GET"]}}],"collection":[{"href":"https:\/\/unitedlift.org\/es\/wp-json\/wp\/v2\/pages"}],"about":[{"href":"https:\/\/unitedlift.org\/es\/wp-json\/wp\/v2\/types\/page"}],"author":[{"embeddable":true,"href":"https:\/\/unitedlift.org\/es\/wp-json\/wp\/v2\/users\/1"}],"replies":[{"embeddable":true,"href":"https:\/\/unitedlift.org\/es\/wp-json\/wp\/v2\/comments?post=187"}],"version-history":[{"count":2,"href":"https:\/\/unitedlift.org\/es\/wp-json\/wp\/v2\/pages\/187\/revisions"}],"predecessor-version":[{"id":301,"href":"https:\/\/unitedlift.org\/es\/wp-json\/wp\/v2\/pages\/187\/revisions\/301"}],"wp:attachment":[{"href":"https:\/\/unitedlift.org\/es\/wp-json\/wp\/v2\/media?parent=187"}],"curies":[{"name":"wp","href":"https:\/\/api.w.org\/{rel}","templated":true}]}}