{"id":447,"date":"2022-02-17T00:29:34","date_gmt":"2022-02-17T00:29:34","guid":{"rendered":"https:\/\/unitedlift.org\/landlord-confirmation\/"},"modified":"2022-02-17T21:35:10","modified_gmt":"2022-02-17T21:35:10","slug":"landlord-confirmation","status":"publish","type":"page","link":"https:\/\/unitedlift.org\/es\/landlord-confirmation\/","title":{"rendered":"Confirmaci\u00f3n del propietario"},"content":{"rendered":"\n<p>\u00a1Gracias por enviar una solicitud iniciada por el propietario!<\/p>\n\n<p><strong>1. Su inquilino recibir\u00e1 una notificaci\u00f3n por correo electr\u00f3nico con instrucciones para completar su parte de la solicitud.<\/strong>&#13;\n&#13;\nRecuerde: tanto el inquilino como el arrendador deben completar y enviar sus partes de la solicitud y la documentaci\u00f3n para que usted pueda recibir fondos.<\/p>\n\n<p><strong>2. Informe a su inquilino que usted envi\u00f3 una solicitud y que busque un correo electr\u00f3nico de <a href=\"mailto:rentalsupport@lifttorise.org\">rentalsupport@lifttorise.org<\/a> para completar su parte de la solicitud.<\/strong>&#13;\n&#13;\nTendr\u00e1n 72 horas para completar la solicitud.&#13;\n&#13;\nSi tienen alguna pregunta, h\u00e1gales saber que deben llamar al 442-334-7923 para hablar con nuestro equipo.&#13;\n&#13;\nSugerencia: si su inquilino dice que no puede encontrar el correo electr\u00f3nico, sugiera que revise su bandeja de entrada de &#8220;correo no deseado&#8221; o &#8220;basura&#8221;.<\/p>\n\n<p><strong>3. Se le notificar\u00e1 si su inquilino completa o no la solicitud dentro de las 72 horas.<\/strong>&#13;\n&#13;\nSi su inquilino no completa su parte de la solicitud, se considerar\u00e1 incompleta y cerrada dentro de nuestro sistema.<\/p>\n","protected":false},"excerpt":{"rendered":"<p>\u00a1Gracias por enviar una solicitud iniciada por el propietario! 1. Su inquilino recibir\u00e1 una notificaci\u00f3n por correo electr\u00f3nico con instrucciones para completar su parte de la solicitud.&#13; &#13; Recuerde: tanto el inquilino como el arrendador deben completar y enviar sus partes de la solicitud y la documentaci\u00f3n para que usted pueda recibir fondos. 2. Informe &hellip; <a href=\"https:\/\/unitedlift.org\/es\/landlord-confirmation\/\">Continued<\/a><\/p>\n","protected":false},"author":1,"featured_media":0,"parent":440,"menu_order":0,"comment_status":"closed","ping_status":"closed","template":"","meta":{"_acf_changed":false,"footnotes":""},"class_list":["post-447","page","type-page","status-publish","hentry"],"acf":[],"_links":{"self":[{"href":"https:\/\/unitedlift.org\/es\/wp-json\/wp\/v2\/pages\/447","targetHints":{"allow":["GET"]}}],"collection":[{"href":"https:\/\/unitedlift.org\/es\/wp-json\/wp\/v2\/pages"}],"about":[{"href":"https:\/\/unitedlift.org\/es\/wp-json\/wp\/v2\/types\/page"}],"author":[{"embeddable":true,"href":"https:\/\/unitedlift.org\/es\/wp-json\/wp\/v2\/users\/1"}],"replies":[{"embeddable":true,"href":"https:\/\/unitedlift.org\/es\/wp-json\/wp\/v2\/comments?post=447"}],"version-history":[{"count":5,"href":"https:\/\/unitedlift.org\/es\/wp-json\/wp\/v2\/pages\/447\/revisions"}],"predecessor-version":[{"id":456,"href":"https:\/\/unitedlift.org\/es\/wp-json\/wp\/v2\/pages\/447\/revisions\/456"}],"up":[{"embeddable":true,"href":"https:\/\/unitedlift.org\/es\/wp-json\/wp\/v2\/pages\/440"}],"wp:attachment":[{"href":"https:\/\/unitedlift.org\/es\/wp-json\/wp\/v2\/media?parent=447"}],"curies":[{"name":"wp","href":"https:\/\/api.w.org\/{rel}","templated":true}]}}